{"id":112,"date":"2019-09-15T16:21:27","date_gmt":"2019-09-15T14:21:27","guid":{"rendered":"http:\/\/aikido-traditionnel-chaponost.fr\/?page_id=112"},"modified":"2025-08-28T11:44:53","modified_gmt":"2025-08-28T09:44:53","slug":"informations-pratiques","status":"publish","type":"page","link":"https:\/\/aikido-traditionnel-chaponost.fr\/?page_id=112","title":{"rendered":"Les Cours"},"content":{"rendered":"\t\t<div data-elementor-type=\"wp-page\" data-elementor-id=\"112\" class=\"elementor elementor-112\">\n\t\t\t\t\t\t<section class=\"elementor-section elementor-top-section elementor-element elementor-element-27aa41c elementor-section-boxed elementor-section-height-default elementor-section-height-default\" data-id=\"27aa41c\" data-element_type=\"section\">\n\t\t\t\t\t\t<div class=\"elementor-container elementor-column-gap-default\">\n\t\t\t\t\t<div class=\"elementor-column elementor-col-100 elementor-top-column elementor-element elementor-element-526e2c9\" data-id=\"526e2c9\" data-element_type=\"column\">\n\t\t\t<div class=\"elementor-widget-wrap elementor-element-populated\">\n\t\t\t\t\t\t<div class=\"elementor-element elementor-element-92d59a1 elementor-widget elementor-widget-heading\" data-id=\"92d59a1\" data-element_type=\"widget\" data-widget_type=\"heading.default\">\n\t\t\t\t<div class=\"elementor-widget-container\">\n\t\t\t<h1 class=\"elementor-heading-title elementor-size-default\">Les cours d'a\u00efkido<\/h1>\t\t<\/div>\n\t\t\t\t<\/div>\n\t\t\t\t<div class=\"elementor-element elementor-element-4b56803 elementor-widget elementor-widget-heading\" data-id=\"4b56803\" data-element_type=\"widget\" data-widget_type=\"heading.default\">\n\t\t\t\t<div class=\"elementor-widget-container\">\n\t\t\t<h2 class=\"elementor-heading-title elementor-size-default\">Cours d'essai<\/h2>\t\t<\/div>\n\t\t\t\t<\/div>\n\t\t\t\t<div class=\"elementor-element elementor-element-31447a0 elementor-widget elementor-widget-text-editor\" data-id=\"31447a0\" data-element_type=\"widget\" data-widget_type=\"text-editor.default\">\n\t\t\t\t<div class=\"elementor-widget-container\">\n\t\t\t\t\t\t\t<p>Il n&rsquo;y a pas de mauvais moment pour essayer l&rsquo;a\u00efkido. Nous offrons deux <a href=\"https:\/\/aikido-traditionnel-chaponost.fr\/?page_id=120\">cours d&rsquo;essai gratuit<\/a>, toute l&rsquo;ann\u00e9e, et ce sans engagement.<\/p><p><strong>Pour assister \u00e0 un cours d&rsquo;essai, apportez une tenue souple et une paire de tongs pour rejoindre le tatami depuis les vestiaires.\u00a0<\/strong><span style=\"font-weight: 600;\">Nous vous demandons par ailleurs de bien vouloir remplir un bulletin de d\u00e9charge et de vous pr\u00e9senter avec le jour de votre essai :<\/span><\/p>\t\t\t\t\t\t<\/div>\n\t\t\t\t<\/div>\n\t\t\t\t<div class=\"elementor-element elementor-element-4e03c1f elementor-align-center elementor-widget elementor-widget-button\" data-id=\"4e03c1f\" data-element_type=\"widget\" data-settings=\"{&quot;_animation&quot;:&quot;none&quot;}\" data-widget_type=\"button.default\">\n\t\t\t\t<div class=\"elementor-widget-container\">\n\t\t\t\t\t<div class=\"elementor-button-wrapper\">\n\t\t\t<a class=\"elementor-button elementor-button-link elementor-size-lg\" href=\"https:\/\/aikido-traditionnel-chaponost.fr\/?page_id=967\">\n\t\t\t\t\t\t<span class=\"elementor-button-content-wrapper\">\n\t\t\t\t\t\t\t\t\t<span class=\"elementor-button-text\">Acc\u00e9der au formulaire de d\u00e9charge<\/span>\n\t\t\t\t\t<\/span>\n\t\t\t\t\t<\/a>\n\t\t<\/div>\n\t\t\t\t<\/div>\n\t\t\t\t<\/div>\n\t\t\t\t\t<\/div>\n\t\t<\/div>\n\t\t\t\t\t<\/div>\n\t\t<\/section>\n\t\t\t\t<section class=\"elementor-section elementor-top-section elementor-element elementor-element-3a840cc elementor-section-boxed elementor-section-height-default elementor-section-height-default\" data-id=\"3a840cc\" data-element_type=\"section\">\n\t\t\t\t\t\t<div class=\"elementor-container elementor-column-gap-default\">\n\t\t\t\t\t<div class=\"elementor-column elementor-col-100 elementor-top-column elementor-element elementor-element-3659ebb\" data-id=\"3659ebb\" data-element_type=\"column\">\n\t\t\t<div class=\"elementor-widget-wrap elementor-element-populated\">\n\t\t\t\t\t\t<div class=\"elementor-element elementor-element-09a1515 elementor-widget elementor-widget-heading\" data-id=\"09a1515\" data-element_type=\"widget\" data-widget_type=\"heading.default\">\n\t\t\t\t<div class=\"elementor-widget-container\">\n\t\t\t<h2 class=\"elementor-heading-title elementor-size-default\">Lieu &amp; horaires <\/h2>\t\t<\/div>\n\t\t\t\t<\/div>\n\t\t\t\t<div class=\"elementor-element elementor-element-2aeae36 elementor-widget__width-initial elementor-widget elementor-widget-text-editor\" data-id=\"2aeae36\" data-element_type=\"widget\" data-widget_type=\"text-editor.default\">\n\t\t\t\t<div class=\"elementor-widget-container\">\n\t\t\t\t\t\t\t<p>Notre dojo propose des cours exclusivement entre midi et deux, les Lundis et Jeudis. Ces cours \u00ab\u00a0en temps masqu\u00e9\u00a0\u00bb sont id\u00e9aux pour les personnes qui travaillent dans la zone \u00e9conomique longeant la route de Brignais, et\/ou n&rsquo;ayant pas de disponibilit\u00e9s en soir\u00e9es. Notre positionnement strat\u00e9gique nous rend rapidement accessible depuis les villes de Chaponost, Brignais, Francheville, Oullins, Saint-Genis, et Sainte-Foy-L\u00e8s-Lyon.<\/p>\t\t\t\t\t\t<\/div>\n\t\t\t\t<\/div>\n\t\t\t\t<section class=\"elementor-section elementor-inner-section elementor-element elementor-element-631a8974 elementor-section-content-middle elementor-section-boxed elementor-section-height-default elementor-section-height-default\" data-id=\"631a8974\" data-element_type=\"section\">\n\t\t\t\t\t\t<div class=\"elementor-container elementor-column-gap-narrow\">\n\t\t\t\t\t<div class=\"elementor-column elementor-col-50 elementor-inner-column elementor-element elementor-element-542206f4\" data-id=\"542206f4\" data-element_type=\"column\">\n\t\t\t<div class=\"elementor-widget-wrap elementor-element-populated\">\n\t\t\t\t\t\t<div class=\"elementor-element elementor-element-c44565b elementor-widget elementor-widget-heading\" data-id=\"c44565b\" data-element_type=\"widget\" data-widget_type=\"heading.default\">\n\t\t\t\t<div class=\"elementor-widget-container\">\n\t\t\t<h6 class=\"elementor-heading-title elementor-size-default\">Adresse<\/h6>\t\t<\/div>\n\t\t\t\t<\/div>\n\t\t\t\t<div class=\"elementor-element elementor-element-316cac7 elementor-widget elementor-widget-text-editor\" data-id=\"316cac7\" data-element_type=\"widget\" data-widget_type=\"text-editor.default\">\n\t\t\t\t<div class=\"elementor-widget-container\">\n\t\t\t\t\t\t\t<p>Locaux du Cercle Wushu 69\u00a0<br \/>Zone des Troques, Chaponost<\/p>\t\t\t\t\t\t<\/div>\n\t\t\t\t<\/div>\n\t\t\t\t\t<\/div>\n\t\t<\/div>\n\t\t\t\t<div class=\"elementor-column elementor-col-50 elementor-inner-column elementor-element elementor-element-7db83a72\" data-id=\"7db83a72\" data-element_type=\"column\">\n\t\t\t<div class=\"elementor-widget-wrap elementor-element-populated\">\n\t\t\t\t\t\t<div class=\"elementor-element elementor-element-691801ad elementor-widget elementor-widget-heading\" data-id=\"691801ad\" data-element_type=\"widget\" data-widget_type=\"heading.default\">\n\t\t\t\t<div class=\"elementor-widget-container\">\n\t\t\t<h6 class=\"elementor-heading-title elementor-size-default\">Horaire des cours<\/h6>\t\t<\/div>\n\t\t\t\t<\/div>\n\t\t\t\t<div class=\"elementor-element elementor-element-4a709051 elementor-widget elementor-widget-text-editor\" data-id=\"4a709051\" data-element_type=\"widget\" data-widget_type=\"text-editor.default\">\n\t\t\t\t<div class=\"elementor-widget-container\">\n\t\t\t\t\t\t\t<p><b>12h30-13h30<\/b><br>Tous les <b>Lundi<\/b> et <b>Jeudi<\/b><\/p>\t\t\t\t\t\t<\/div>\n\t\t\t\t<\/div>\n\t\t\t\t\t<\/div>\n\t\t<\/div>\n\t\t\t\t\t<\/div>\n\t\t<\/section>\n\t\t\t\t\t<\/div>\n\t\t<\/div>\n\t\t\t\t\t<\/div>\n\t\t<\/section>\n\t\t\t\t<section class=\"elementor-section elementor-top-section elementor-element elementor-element-1bed12e1 elementor-section-full_width elementor-section-height-default elementor-section-height-default\" data-id=\"1bed12e1\" data-element_type=\"section\">\n\t\t\t\t\t\t<div class=\"elementor-container elementor-column-gap-no\">\n\t\t\t\t\t<div class=\"elementor-column elementor-col-100 elementor-top-column elementor-element elementor-element-30552f72\" data-id=\"30552f72\" data-element_type=\"column\">\n\t\t\t<div class=\"elementor-widget-wrap elementor-element-populated\">\n\t\t\t\t\t\t<div class=\"elementor-element elementor-element-145a10a6 elementor-widget elementor-widget-google_maps\" data-id=\"145a10a6\" data-element_type=\"widget\" data-widget_type=\"google_maps.default\">\n\t\t\t\t<div class=\"elementor-widget-container\">\n\t\t\t\t\t<div class=\"elementor-custom-embed\">\n\t\t\t<iframe loading=\"lazy\"\n\t\t\t\t\tsrc=\"https:\/\/maps.google.com\/maps?q=A%C3%AFkido%20Traditionnel%20Chaponost%2C%20Les%20Troques%2C%20Chaponost&#038;t=m&#038;z=16&#038;output=embed&#038;iwloc=near\"\n\t\t\t\t\ttitle=\"A\u00efkido Traditionnel Chaponost, Les Troques, Chaponost\"\n\t\t\t\t\taria-label=\"A\u00efkido Traditionnel Chaponost, Les Troques, Chaponost\"\n\t\t\t><\/iframe>\n\t\t<\/div>\n\t\t\t\t<\/div>\n\t\t\t\t<\/div>\n\t\t\t\t\t<\/div>\n\t\t<\/div>\n\t\t\t\t\t<\/div>\n\t\t<\/section>\n\t\t\t\t<section class=\"elementor-section elementor-top-section elementor-element elementor-element-577a6b0 elementor-section-boxed elementor-section-height-default elementor-section-height-default\" data-id=\"577a6b0\" data-element_type=\"section\">\n\t\t\t\t\t\t<div class=\"elementor-container elementor-column-gap-default\">\n\t\t\t\t\t<div class=\"elementor-column elementor-col-100 elementor-top-column elementor-element elementor-element-0639dc7\" data-id=\"0639dc7\" data-element_type=\"column\">\n\t\t\t<div class=\"elementor-widget-wrap elementor-element-populated\">\n\t\t\t\t\t\t<div class=\"elementor-element elementor-element-276b41f elementor-widget elementor-widget-text-editor\" data-id=\"276b41f\" data-element_type=\"widget\" data-widget_type=\"text-editor.default\">\n\t\t\t\t<div class=\"elementor-widget-container\">\n\t\t\t\t\t\t\t<p>Le dojo occupe les locaux du <a href=\"http:\/\/wushu69.fr\/\" target=\"_blank\" rel=\"noopener\">Cercle Wushu 69<\/a> \u00e0 Chaponost. C&rsquo;est un espace enti\u00e8rement d\u00e9di\u00e9 \u00e0 la pratique des arts martiaux, situ\u00e9 \u00e0 proximit\u00e9 de la gare de Chaponost.<\/p><p>L&rsquo;acc\u00e8s au dojo se fait en empruntant les <strong>escaliers \u00e0 l&rsquo;arri\u00e8re du b\u00e2timent.<\/strong><\/p><p>Il n&rsquo;y a aucun cours de niveau. Les d\u00e9butants et les plus anciens pratiquent ensemble. L&rsquo;efficacit\u00e9 de l&rsquo;enseignement repose en partie sur cette diff\u00e9rence de potentiel. \u00a0Pour les informations relatives \u00e0 l&rsquo;<a style=\"transition-delay: 0s;\" href=\"https:\/\/aikido-traditionnel-chaponost.fr\/?page_id=120\">inscription<\/a>\u00a0(documents demand\u00e9s, tarifs, \u00e9quipement), c&rsquo;est\u00a0<a style=\"transition-delay: 0s;\" href=\"https:\/\/aikido-traditionnel-chaponost.fr\/?page_id=120\">par ici<\/a>.<\/p>\t\t\t\t\t\t<\/div>\n\t\t\t\t<\/div>\n\t\t\t\t\t<\/div>\n\t\t<\/div>\n\t\t\t\t\t<\/div>\n\t\t<\/section>\n\t\t\t\t<section class=\"elementor-section elementor-top-section elementor-element elementor-element-1e52cf8d elementor-section-content-middle elementor-section-boxed elementor-section-height-default elementor-section-height-default\" data-id=\"1e52cf8d\" data-element_type=\"section\">\n\t\t\t\t\t\t<div class=\"elementor-container elementor-column-gap-no\">\n\t\t\t\t\t<div class=\"elementor-column elementor-col-100 elementor-top-column elementor-element elementor-element-584e019e\" data-id=\"584e019e\" data-element_type=\"column\">\n\t\t\t<div class=\"elementor-widget-wrap elementor-element-populated\">\n\t\t\t\t\t\t<div class=\"elementor-element elementor-element-39d106bb elementor-widget elementor-widget-heading\" data-id=\"39d106bb\" data-element_type=\"widget\" data-widget_type=\"heading.default\">\n\t\t\t\t<div class=\"elementor-widget-container\">\n\t\t\t<h1 class=\"elementor-heading-title elementor-size-default\">Envie d'essayer ?<br><\/h1>\t\t<\/div>\n\t\t\t\t<\/div>\n\t\t\t\t<div class=\"elementor-element elementor-element-7cc95406 elementor-widget elementor-widget-heading\" data-id=\"7cc95406\" data-element_type=\"widget\" data-widget_type=\"heading.default\">\n\t\t\t\t<div class=\"elementor-widget-container\">\n\t\t\t<h5 class=\"elementor-heading-title elementor-size-default\">NOUS CONTACTER<\/h5>\t\t<\/div>\n\t\t\t\t<\/div>\n\t\t\t\t<div class=\"elementor-element elementor-element-1a6cd408 elementor-widget elementor-widget-heading\" data-id=\"1a6cd408\" data-element_type=\"widget\" data-widget_type=\"heading.default\">\n\t\t\t\t<div class=\"elementor-widget-container\">\n\t\t\t<h2 class=\"elementor-heading-title elementor-size-default\">06 38 44 22 90<\/h2>\t\t<\/div>\n\t\t\t\t<\/div>\n\t\t\t\t\t<\/div>\n\t\t<\/div>\n\t\t\t\t\t<\/div>\n\t\t<\/section>\n\t\t\t\t<\/div>\n\t\t","protected":false},"excerpt":{"rendered":"<p>Les cours d&rsquo;a\u00efkido Cours d&rsquo;essai Il n&rsquo;y a pas de mauvais moment pour essayer l&rsquo;a\u00efkido. Nous offrons deux cours d&rsquo;essai gratuit, toute [&hellip;]<\/p>\n","protected":false},"author":1,"featured_media":0,"parent":0,"menu_order":0,"comment_status":"closed","ping_status":"closed","template":"elementor_header_footer","meta":{"footnotes":""},"class_list":["post-112","page","type-page","status-publish","hentry"],"yoast_head":"<!-- This site is optimized with the Yoast SEO plugin v23.5 - https:\/\/yoast.com\/wordpress\/plugins\/seo\/ -->\n<title>Les Cours - A\u00efkido traditionnel \u00e0 Chaponost<\/title>\n<meta name=\"description\" content=\"Notre dojo dispense des cours d&#039;a\u00efkido en semaine et entre midi et deux, rapidement accessibles depuis Chaponost, Brignais, Francheville, Oullins...\" \/>\n<meta name=\"robots\" content=\"index, follow, max-snippet:-1, max-image-preview:large, max-video-preview:-1\" \/>\n<link rel=\"canonical\" href=\"https:\/\/aikido-traditionnel-chaponost.fr\/?page_id=112\" \/>\n<meta property=\"og:locale\" content=\"fr_FR\" \/>\n<meta property=\"og:type\" content=\"article\" \/>\n<meta property=\"og:title\" content=\"Les Cours - A\u00efkido traditionnel \u00e0 Chaponost\" \/>\n<meta property=\"og:description\" content=\"Notre dojo dispense des cours d&#039;a\u00efkido en semaine et entre midi et deux, rapidement accessibles depuis Chaponost, Brignais, Francheville, Oullins...\" \/>\n<meta property=\"og:url\" content=\"https:\/\/aikido-traditionnel-chaponost.fr\/?page_id=112\" \/>\n<meta property=\"og:site_name\" content=\"A\u00efkido traditionnel \u00e0 Chaponost\" \/>\n<meta property=\"article:publisher\" content=\"https:\/\/www.facebook.com\/aikidochaponost\" \/>\n<meta property=\"article:modified_time\" content=\"2025-08-28T09:44:53+00:00\" \/>\n<meta name=\"twitter:card\" content=\"summary_large_image\" \/>\n<meta name=\"twitter:label1\" content=\"Dur\u00e9e de lecture estim\u00e9e\" \/>\n\t<meta name=\"twitter:data1\" content=\"2 minutes\" \/>\n<script type=\"application\/ld+json\" class=\"yoast-schema-graph\">{\"@context\":\"https:\/\/schema.org\",\"@graph\":[{\"@type\":\"WebPage\",\"@id\":\"https:\/\/aikido-traditionnel-chaponost.fr\/?page_id=112\",\"url\":\"https:\/\/aikido-traditionnel-chaponost.fr\/?page_id=112\",\"name\":\"Les Cours - A\u00efkido traditionnel \u00e0 Chaponost\",\"isPartOf\":{\"@id\":\"https:\/\/aikido-traditionnel-chaponost.fr\/#website\"},\"datePublished\":\"2019-09-15T14:21:27+00:00\",\"dateModified\":\"2025-08-28T09:44:53+00:00\",\"description\":\"Notre dojo dispense des cours d'a\u00efkido en semaine et entre midi et deux, rapidement accessibles depuis Chaponost, Brignais, Francheville, Oullins...\",\"breadcrumb\":{\"@id\":\"https:\/\/aikido-traditionnel-chaponost.fr\/?page_id=112#breadcrumb\"},\"inLanguage\":\"fr-FR\",\"potentialAction\":[{\"@type\":\"ReadAction\",\"target\":[\"https:\/\/aikido-traditionnel-chaponost.fr\/?page_id=112\"]}]},{\"@type\":\"BreadcrumbList\",\"@id\":\"https:\/\/aikido-traditionnel-chaponost.fr\/?page_id=112#breadcrumb\",\"itemListElement\":[{\"@type\":\"ListItem\",\"position\":1,\"name\":\"Accueil\",\"item\":\"https:\/\/aikido-traditionnel-chaponost.fr\/\"},{\"@type\":\"ListItem\",\"position\":2,\"name\":\"Les Cours\"}]},{\"@type\":\"WebSite\",\"@id\":\"https:\/\/aikido-traditionnel-chaponost.fr\/#website\",\"url\":\"https:\/\/aikido-traditionnel-chaponost.fr\/\",\"name\":\"A\u00efkido Chaponost : Portes Ouvertes du 9 au 19 septembre\",\"description\":\"L&#039;a\u00efkido : un art martial, un art de vivre, une philosophie.\",\"publisher\":{\"@id\":\"https:\/\/aikido-traditionnel-chaponost.fr\/#organization\"},\"potentialAction\":[{\"@type\":\"SearchAction\",\"target\":{\"@type\":\"EntryPoint\",\"urlTemplate\":\"https:\/\/aikido-traditionnel-chaponost.fr\/?s={search_term_string}\"},\"query-input\":{\"@type\":\"PropertyValueSpecification\",\"valueRequired\":true,\"valueName\":\"search_term_string\"}}],\"inLanguage\":\"fr-FR\"},{\"@type\":\"Organization\",\"@id\":\"https:\/\/aikido-traditionnel-chaponost.fr\/#organization\",\"name\":\"A\u00efkido Traditionnel Chaponost\",\"url\":\"https:\/\/aikido-traditionnel-chaponost.fr\/\",\"logo\":{\"@type\":\"ImageObject\",\"inLanguage\":\"fr-FR\",\"@id\":\"https:\/\/aikido-traditionnel-chaponost.fr\/#\/schema\/logo\/image\/\",\"url\":\"https:\/\/aikido-traditionnel-chaponost.fr\/wp-content\/uploads\/2019\/09\/Favicon.png\",\"contentUrl\":\"https:\/\/aikido-traditionnel-chaponost.fr\/wp-content\/uploads\/2019\/09\/Favicon.png\",\"width\":500,\"height\":500,\"caption\":\"A\u00efkido Traditionnel Chaponost\"},\"image\":{\"@id\":\"https:\/\/aikido-traditionnel-chaponost.fr\/#\/schema\/logo\/image\/\"},\"sameAs\":[\"https:\/\/www.facebook.com\/aikidochaponost\"]}]}<\/script>\n<!-- \/ Yoast SEO plugin. -->","yoast_head_json":{"title":"Les Cours - A\u00efkido traditionnel \u00e0 Chaponost","description":"Notre dojo dispense des cours d'a\u00efkido en semaine et entre midi et deux, rapidement accessibles depuis Chaponost, Brignais, Francheville, Oullins...","robots":{"index":"index","follow":"follow","max-snippet":"max-snippet:-1","max-image-preview":"max-image-preview:large","max-video-preview":"max-video-preview:-1"},"canonical":"https:\/\/aikido-traditionnel-chaponost.fr\/?page_id=112","og_locale":"fr_FR","og_type":"article","og_title":"Les Cours - A\u00efkido traditionnel \u00e0 Chaponost","og_description":"Notre dojo dispense des cours d'a\u00efkido en semaine et entre midi et deux, rapidement accessibles depuis Chaponost, Brignais, Francheville, Oullins...","og_url":"https:\/\/aikido-traditionnel-chaponost.fr\/?page_id=112","og_site_name":"A\u00efkido traditionnel \u00e0 Chaponost","article_publisher":"https:\/\/www.facebook.com\/aikidochaponost","article_modified_time":"2025-08-28T09:44:53+00:00","twitter_card":"summary_large_image","twitter_misc":{"Dur\u00e9e de lecture estim\u00e9e":"2 minutes"},"schema":{"@context":"https:\/\/schema.org","@graph":[{"@type":"WebPage","@id":"https:\/\/aikido-traditionnel-chaponost.fr\/?page_id=112","url":"https:\/\/aikido-traditionnel-chaponost.fr\/?page_id=112","name":"Les Cours - A\u00efkido traditionnel \u00e0 Chaponost","isPartOf":{"@id":"https:\/\/aikido-traditionnel-chaponost.fr\/#website"},"datePublished":"2019-09-15T14:21:27+00:00","dateModified":"2025-08-28T09:44:53+00:00","description":"Notre dojo dispense des cours d'a\u00efkido en semaine et entre midi et deux, rapidement accessibles depuis Chaponost, Brignais, Francheville, Oullins...","breadcrumb":{"@id":"https:\/\/aikido-traditionnel-chaponost.fr\/?page_id=112#breadcrumb"},"inLanguage":"fr-FR","potentialAction":[{"@type":"ReadAction","target":["https:\/\/aikido-traditionnel-chaponost.fr\/?page_id=112"]}]},{"@type":"BreadcrumbList","@id":"https:\/\/aikido-traditionnel-chaponost.fr\/?page_id=112#breadcrumb","itemListElement":[{"@type":"ListItem","position":1,"name":"Accueil","item":"https:\/\/aikido-traditionnel-chaponost.fr\/"},{"@type":"ListItem","position":2,"name":"Les Cours"}]},{"@type":"WebSite","@id":"https:\/\/aikido-traditionnel-chaponost.fr\/#website","url":"https:\/\/aikido-traditionnel-chaponost.fr\/","name":"A\u00efkido Chaponost : Portes Ouvertes du 9 au 19 septembre","description":"L&#039;a\u00efkido : un art martial, un art de vivre, une philosophie.","publisher":{"@id":"https:\/\/aikido-traditionnel-chaponost.fr\/#organization"},"potentialAction":[{"@type":"SearchAction","target":{"@type":"EntryPoint","urlTemplate":"https:\/\/aikido-traditionnel-chaponost.fr\/?s={search_term_string}"},"query-input":{"@type":"PropertyValueSpecification","valueRequired":true,"valueName":"search_term_string"}}],"inLanguage":"fr-FR"},{"@type":"Organization","@id":"https:\/\/aikido-traditionnel-chaponost.fr\/#organization","name":"A\u00efkido Traditionnel Chaponost","url":"https:\/\/aikido-traditionnel-chaponost.fr\/","logo":{"@type":"ImageObject","inLanguage":"fr-FR","@id":"https:\/\/aikido-traditionnel-chaponost.fr\/#\/schema\/logo\/image\/","url":"https:\/\/aikido-traditionnel-chaponost.fr\/wp-content\/uploads\/2019\/09\/Favicon.png","contentUrl":"https:\/\/aikido-traditionnel-chaponost.fr\/wp-content\/uploads\/2019\/09\/Favicon.png","width":500,"height":500,"caption":"A\u00efkido Traditionnel Chaponost"},"image":{"@id":"https:\/\/aikido-traditionnel-chaponost.fr\/#\/schema\/logo\/image\/"},"sameAs":["https:\/\/www.facebook.com\/aikidochaponost"]}]}},"_links":{"self":[{"href":"https:\/\/aikido-traditionnel-chaponost.fr\/index.php?rest_route=\/wp\/v2\/pages\/112"}],"collection":[{"href":"https:\/\/aikido-traditionnel-chaponost.fr\/index.php?rest_route=\/wp\/v2\/pages"}],"about":[{"href":"https:\/\/aikido-traditionnel-chaponost.fr\/index.php?rest_route=\/wp\/v2\/types\/page"}],"author":[{"embeddable":true,"href":"https:\/\/aikido-traditionnel-chaponost.fr\/index.php?rest_route=\/wp\/v2\/users\/1"}],"replies":[{"embeddable":true,"href":"https:\/\/aikido-traditionnel-chaponost.fr\/index.php?rest_route=%2Fwp%2Fv2%2Fcomments&post=112"}],"version-history":[{"count":54,"href":"https:\/\/aikido-traditionnel-chaponost.fr\/index.php?rest_route=\/wp\/v2\/pages\/112\/revisions"}],"predecessor-version":[{"id":977,"href":"https:\/\/aikido-traditionnel-chaponost.fr\/index.php?rest_route=\/wp\/v2\/pages\/112\/revisions\/977"}],"wp:attachment":[{"href":"https:\/\/aikido-traditionnel-chaponost.fr\/index.php?rest_route=%2Fwp%2Fv2%2Fmedia&parent=112"}],"curies":[{"name":"wp","href":"https:\/\/api.w.org\/{rel}","templated":true}]}}