{"id":967,"date":"2025-08-28T11:41:59","date_gmt":"2025-08-28T09:41:59","guid":{"rendered":"https:\/\/aikido-traditionnel-chaponost.fr\/?page_id=967"},"modified":"2025-08-28T12:02:01","modified_gmt":"2025-08-28T10:02:01","slug":"formulaire-de-decharge-pour-cours-dessai","status":"publish","type":"page","link":"https:\/\/aikido-traditionnel-chaponost.fr\/?page_id=967","title":{"rendered":"Formulaire de d\u00e9charge pour cours d&rsquo;essai"},"content":{"rendered":"\t\t<div data-elementor-type=\"wp-page\" data-elementor-id=\"967\" class=\"elementor elementor-967\">\n\t\t\t\t\t\t<section class=\"elementor-section elementor-top-section elementor-element elementor-element-d99c5b5 elementor-section-boxed elementor-section-height-default elementor-section-height-default\" data-id=\"d99c5b5\" data-element_type=\"section\">\n\t\t\t\t\t\t<div class=\"elementor-container elementor-column-gap-default\">\n\t\t\t\t\t<div class=\"elementor-column elementor-col-100 elementor-top-column elementor-element elementor-element-6e2308d\" data-id=\"6e2308d\" data-element_type=\"column\">\n\t\t\t<div class=\"elementor-widget-wrap elementor-element-populated\">\n\t\t\t\t\t\t<div class=\"elementor-element elementor-element-46c5aa3 elementor-widget elementor-widget-menu-anchor\" data-id=\"46c5aa3\" data-element_type=\"widget\" data-widget_type=\"menu-anchor.default\">\n\t\t\t\t<div class=\"elementor-widget-container\">\n\t\t\t\t\t<div class=\"elementor-menu-anchor\" id=\"FormTop\"><\/div>\n\t\t\t\t<\/div>\n\t\t\t\t<\/div>\n\t\t\t\t\t<\/div>\n\t\t<\/div>\n\t\t\t\t\t<\/div>\n\t\t<\/section>\n\t\t\t\t<section class=\"elementor-section elementor-top-section elementor-element elementor-element-ec45761 elementor-section-boxed elementor-section-height-default elementor-section-height-default\" data-id=\"ec45761\" data-element_type=\"section\">\n\t\t\t\t\t\t<div class=\"elementor-container elementor-column-gap-default\">\n\t\t\t\t\t<div class=\"elementor-column elementor-col-100 elementor-top-column elementor-element elementor-element-24f9313\" data-id=\"24f9313\" data-element_type=\"column\">\n\t\t\t<div class=\"elementor-widget-wrap elementor-element-populated\">\n\t\t\t\t\t\t<div class=\"elementor-element elementor-element-17d31c4 elementor-widget elementor-widget-heading\" data-id=\"17d31c4\" data-element_type=\"widget\" data-widget_type=\"heading.default\">\n\t\t\t\t<div class=\"elementor-widget-container\">\n\t\t\t<h1 class=\"elementor-heading-title elementor-size-default\">Formulaire de d\u00e9charge pour cours d'essai<\/h1>\t\t<\/div>\n\t\t\t\t<\/div>\n\t\t\t\t\t<\/div>\n\t\t<\/div>\n\t\t\t\t\t<\/div>\n\t\t<\/section>\n\t\t\t\t<section class=\"elementor-section elementor-top-section elementor-element elementor-element-465b830 elementor-section-boxed elementor-section-height-default elementor-section-height-default\" data-id=\"465b830\" data-element_type=\"section\">\n\t\t\t\t\t\t<div class=\"elementor-container elementor-column-gap-default\">\n\t\t\t\t\t<div class=\"elementor-column elementor-col-100 elementor-top-column elementor-element elementor-element-fa51680\" data-id=\"fa51680\" data-element_type=\"column\">\n\t\t\t<div class=\"elementor-widget-wrap elementor-element-populated\">\n\t\t\t\t\t\t<div class=\"elementor-element elementor-element-b85f88b elementor-widget elementor-widget-html\" data-id=\"b85f88b\" data-element_type=\"widget\" data-widget_type=\"html.default\">\n\t\t\t\t<div class=\"elementor-widget-container\">\n\t\t\t<iframe onload=\"if(window.myFrameChange !== undefined) {window.parent.document.getElementById('FormTop').scrollIntoView();}window.myFrameChange=true;\" frameborder=\"0\" src=\"https:\/\/docs.google.com\/forms\/d\/e\/1FAIpQLSeOGsc0qjWurREhZH1sEQeCJN7cbqjrdncxAT5ZhMQITpGgig\/viewform?embedded=true\" width=\"640\" height=\"2000\" frameborder=\"0\" marginheight=\"0\" marginwidth=\"0\">Chargement\u2026<\/iframe>\t\t<\/div>\n\t\t\t\t<\/div>\n\t\t\t\t\t<\/div>\n\t\t<\/div>\n\t\t\t\t\t<\/div>\n\t\t<\/section>\n\t\t\t\t<\/div>\n\t\t","protected":false},"excerpt":{"rendered":"<p>Formulaire de d\u00e9charge pour cours d&rsquo;essai Chargement\u2026<\/p>\n","protected":false},"author":1,"featured_media":0,"parent":0,"menu_order":0,"comment_status":"closed","ping_status":"closed","template":"elementor_header_footer","meta":{"footnotes":""},"class_list":["post-967","page","type-page","status-publish","hentry"],"yoast_head":"<!-- This site is optimized with the Yoast SEO plugin v23.5 - https:\/\/yoast.com\/wordpress\/plugins\/seo\/ -->\n<title>Formulaire de d\u00e9charge pour cours d&#039;essai - A\u00efkido traditionnel \u00e0 Chaponost<\/title>\n<meta name=\"robots\" content=\"index, follow, max-snippet:-1, max-image-preview:large, max-video-preview:-1\" \/>\n<link rel=\"canonical\" href=\"https:\/\/aikido-traditionnel-chaponost.fr\/?page_id=967\" \/>\n<meta property=\"og:locale\" content=\"fr_FR\" \/>\n<meta property=\"og:type\" content=\"article\" \/>\n<meta property=\"og:title\" content=\"Formulaire de d\u00e9charge pour cours d&#039;essai - A\u00efkido traditionnel \u00e0 Chaponost\" \/>\n<meta property=\"og:description\" content=\"Formulaire de d\u00e9charge pour cours d&rsquo;essai Chargement\u2026\" \/>\n<meta property=\"og:url\" content=\"https:\/\/aikido-traditionnel-chaponost.fr\/?page_id=967\" \/>\n<meta property=\"og:site_name\" content=\"A\u00efkido traditionnel \u00e0 Chaponost\" \/>\n<meta property=\"article:publisher\" content=\"https:\/\/www.facebook.com\/aikidochaponost\" \/>\n<meta property=\"article:modified_time\" content=\"2025-08-28T10:02:01+00:00\" \/>\n<meta name=\"twitter:card\" content=\"summary_large_image\" \/>\n<meta name=\"twitter:label1\" content=\"Dur\u00e9e de lecture estim\u00e9e\" \/>\n\t<meta name=\"twitter:data1\" content=\"1 minute\" \/>\n<script type=\"application\/ld+json\" class=\"yoast-schema-graph\">{\"@context\":\"https:\/\/schema.org\",\"@graph\":[{\"@type\":\"WebPage\",\"@id\":\"https:\/\/aikido-traditionnel-chaponost.fr\/?page_id=967\",\"url\":\"https:\/\/aikido-traditionnel-chaponost.fr\/?page_id=967\",\"name\":\"Formulaire de d\u00e9charge pour cours d'essai - A\u00efkido traditionnel \u00e0 Chaponost\",\"isPartOf\":{\"@id\":\"https:\/\/aikido-traditionnel-chaponost.fr\/#website\"},\"datePublished\":\"2025-08-28T09:41:59+00:00\",\"dateModified\":\"2025-08-28T10:02:01+00:00\",\"breadcrumb\":{\"@id\":\"https:\/\/aikido-traditionnel-chaponost.fr\/?page_id=967#breadcrumb\"},\"inLanguage\":\"fr-FR\",\"potentialAction\":[{\"@type\":\"ReadAction\",\"target\":[\"https:\/\/aikido-traditionnel-chaponost.fr\/?page_id=967\"]}]},{\"@type\":\"BreadcrumbList\",\"@id\":\"https:\/\/aikido-traditionnel-chaponost.fr\/?page_id=967#breadcrumb\",\"itemListElement\":[{\"@type\":\"ListItem\",\"position\":1,\"name\":\"Accueil\",\"item\":\"https:\/\/aikido-traditionnel-chaponost.fr\/\"},{\"@type\":\"ListItem\",\"position\":2,\"name\":\"Formulaire de d\u00e9charge pour cours d&rsquo;essai\"}]},{\"@type\":\"WebSite\",\"@id\":\"https:\/\/aikido-traditionnel-chaponost.fr\/#website\",\"url\":\"https:\/\/aikido-traditionnel-chaponost.fr\/\",\"name\":\"A\u00efkido Chaponost : Portes Ouvertes du 9 au 19 septembre\",\"description\":\"L&#039;a\u00efkido : un art martial, un art de vivre, une philosophie.\",\"publisher\":{\"@id\":\"https:\/\/aikido-traditionnel-chaponost.fr\/#organization\"},\"potentialAction\":[{\"@type\":\"SearchAction\",\"target\":{\"@type\":\"EntryPoint\",\"urlTemplate\":\"https:\/\/aikido-traditionnel-chaponost.fr\/?s={search_term_string}\"},\"query-input\":{\"@type\":\"PropertyValueSpecification\",\"valueRequired\":true,\"valueName\":\"search_term_string\"}}],\"inLanguage\":\"fr-FR\"},{\"@type\":\"Organization\",\"@id\":\"https:\/\/aikido-traditionnel-chaponost.fr\/#organization\",\"name\":\"A\u00efkido Traditionnel Chaponost\",\"url\":\"https:\/\/aikido-traditionnel-chaponost.fr\/\",\"logo\":{\"@type\":\"ImageObject\",\"inLanguage\":\"fr-FR\",\"@id\":\"https:\/\/aikido-traditionnel-chaponost.fr\/#\/schema\/logo\/image\/\",\"url\":\"https:\/\/aikido-traditionnel-chaponost.fr\/wp-content\/uploads\/2019\/09\/Favicon.png\",\"contentUrl\":\"https:\/\/aikido-traditionnel-chaponost.fr\/wp-content\/uploads\/2019\/09\/Favicon.png\",\"width\":500,\"height\":500,\"caption\":\"A\u00efkido Traditionnel Chaponost\"},\"image\":{\"@id\":\"https:\/\/aikido-traditionnel-chaponost.fr\/#\/schema\/logo\/image\/\"},\"sameAs\":[\"https:\/\/www.facebook.com\/aikidochaponost\"]}]}<\/script>\n<!-- \/ Yoast SEO plugin. -->","yoast_head_json":{"title":"Formulaire de d\u00e9charge pour cours d'essai - A\u00efkido traditionnel \u00e0 Chaponost","robots":{"index":"index","follow":"follow","max-snippet":"max-snippet:-1","max-image-preview":"max-image-preview:large","max-video-preview":"max-video-preview:-1"},"canonical":"https:\/\/aikido-traditionnel-chaponost.fr\/?page_id=967","og_locale":"fr_FR","og_type":"article","og_title":"Formulaire de d\u00e9charge pour cours d'essai - A\u00efkido traditionnel \u00e0 Chaponost","og_description":"Formulaire de d\u00e9charge pour cours d&rsquo;essai Chargement\u2026","og_url":"https:\/\/aikido-traditionnel-chaponost.fr\/?page_id=967","og_site_name":"A\u00efkido traditionnel \u00e0 Chaponost","article_publisher":"https:\/\/www.facebook.com\/aikidochaponost","article_modified_time":"2025-08-28T10:02:01+00:00","twitter_card":"summary_large_image","twitter_misc":{"Dur\u00e9e de lecture estim\u00e9e":"1 minute"},"schema":{"@context":"https:\/\/schema.org","@graph":[{"@type":"WebPage","@id":"https:\/\/aikido-traditionnel-chaponost.fr\/?page_id=967","url":"https:\/\/aikido-traditionnel-chaponost.fr\/?page_id=967","name":"Formulaire de d\u00e9charge pour cours d'essai - A\u00efkido traditionnel \u00e0 Chaponost","isPartOf":{"@id":"https:\/\/aikido-traditionnel-chaponost.fr\/#website"},"datePublished":"2025-08-28T09:41:59+00:00","dateModified":"2025-08-28T10:02:01+00:00","breadcrumb":{"@id":"https:\/\/aikido-traditionnel-chaponost.fr\/?page_id=967#breadcrumb"},"inLanguage":"fr-FR","potentialAction":[{"@type":"ReadAction","target":["https:\/\/aikido-traditionnel-chaponost.fr\/?page_id=967"]}]},{"@type":"BreadcrumbList","@id":"https:\/\/aikido-traditionnel-chaponost.fr\/?page_id=967#breadcrumb","itemListElement":[{"@type":"ListItem","position":1,"name":"Accueil","item":"https:\/\/aikido-traditionnel-chaponost.fr\/"},{"@type":"ListItem","position":2,"name":"Formulaire de d\u00e9charge pour cours d&rsquo;essai"}]},{"@type":"WebSite","@id":"https:\/\/aikido-traditionnel-chaponost.fr\/#website","url":"https:\/\/aikido-traditionnel-chaponost.fr\/","name":"A\u00efkido Chaponost : Portes Ouvertes du 9 au 19 septembre","description":"L&#039;a\u00efkido : un art martial, un art de vivre, une philosophie.","publisher":{"@id":"https:\/\/aikido-traditionnel-chaponost.fr\/#organization"},"potentialAction":[{"@type":"SearchAction","target":{"@type":"EntryPoint","urlTemplate":"https:\/\/aikido-traditionnel-chaponost.fr\/?s={search_term_string}"},"query-input":{"@type":"PropertyValueSpecification","valueRequired":true,"valueName":"search_term_string"}}],"inLanguage":"fr-FR"},{"@type":"Organization","@id":"https:\/\/aikido-traditionnel-chaponost.fr\/#organization","name":"A\u00efkido Traditionnel Chaponost","url":"https:\/\/aikido-traditionnel-chaponost.fr\/","logo":{"@type":"ImageObject","inLanguage":"fr-FR","@id":"https:\/\/aikido-traditionnel-chaponost.fr\/#\/schema\/logo\/image\/","url":"https:\/\/aikido-traditionnel-chaponost.fr\/wp-content\/uploads\/2019\/09\/Favicon.png","contentUrl":"https:\/\/aikido-traditionnel-chaponost.fr\/wp-content\/uploads\/2019\/09\/Favicon.png","width":500,"height":500,"caption":"A\u00efkido Traditionnel Chaponost"},"image":{"@id":"https:\/\/aikido-traditionnel-chaponost.fr\/#\/schema\/logo\/image\/"},"sameAs":["https:\/\/www.facebook.com\/aikidochaponost"]}]}},"_links":{"self":[{"href":"https:\/\/aikido-traditionnel-chaponost.fr\/index.php?rest_route=\/wp\/v2\/pages\/967"}],"collection":[{"href":"https:\/\/aikido-traditionnel-chaponost.fr\/index.php?rest_route=\/wp\/v2\/pages"}],"about":[{"href":"https:\/\/aikido-traditionnel-chaponost.fr\/index.php?rest_route=\/wp\/v2\/types\/page"}],"author":[{"embeddable":true,"href":"https:\/\/aikido-traditionnel-chaponost.fr\/index.php?rest_route=\/wp\/v2\/users\/1"}],"replies":[{"embeddable":true,"href":"https:\/\/aikido-traditionnel-chaponost.fr\/index.php?rest_route=%2Fwp%2Fv2%2Fcomments&post=967"}],"version-history":[{"count":7,"href":"https:\/\/aikido-traditionnel-chaponost.fr\/index.php?rest_route=\/wp\/v2\/pages\/967\/revisions"}],"predecessor-version":[{"id":980,"href":"https:\/\/aikido-traditionnel-chaponost.fr\/index.php?rest_route=\/wp\/v2\/pages\/967\/revisions\/980"}],"wp:attachment":[{"href":"https:\/\/aikido-traditionnel-chaponost.fr\/index.php?rest_route=%2Fwp%2Fv2%2Fmedia&parent=967"}],"curies":[{"name":"wp","href":"https:\/\/api.w.org\/{rel}","templated":true}]}}